{"id":16295,"date":"2023-02-27T10:26:55","date_gmt":"2023-02-27T07:26:55","guid":{"rendered":"https:\/\/ozkandangroup.com\/transfer-vip-aeroporto\/"},"modified":"2023-11-09T17:09:55","modified_gmt":"2023-11-09T14:09:55","slug":"transfer-vip-aeroporto","status":"publish","type":"page","link":"https:\/\/ozkandangroup.com\/en\/transfer-vip-aeroporto\/","title":{"rendered":"TRANSFER VIP AEROPORTO"},"content":{"rendered":"\t\t<div data-elementor-type=\"wp-page\" data-elementor-id=\"16295\" class=\"elementor elementor-16295 elementor-15011\">\n\t\t\t\t\t\t\t\t\t<section class=\"elementor-section elementor-top-section elementor-element elementor-element-1f551bd elementor-section-stretched ucluk elementor-section-boxed elementor-section-height-default elementor-section-height-default\" data-id=\"1f551bd\" data-element_type=\"section\" data-settings=\"{&quot;stretch_section&quot;:&quot;section-stretched&quot;}\">\n\t\t\t\t\t\t<div class=\"elementor-container elementor-column-gap-default\">\n\t\t\t\t\t<div class=\"elementor-column elementor-col-100 elementor-top-column elementor-element elementor-element-920f44c\" data-id=\"920f44c\" data-element_type=\"column\">\n\t\t\t<div class=\"elementor-widget-wrap elementor-element-populated\">\n\t\t\t\t\t\t\t\t<section class=\"elementor-section elementor-inner-section elementor-element elementor-element-4b457fd elementor-section-full_width icdiv elementor-section-height-default elementor-section-height-default\" data-id=\"4b457fd\" data-element_type=\"section\">\n\t\t\t\t\t\t<div class=\"elementor-container elementor-column-gap-default\">\n\t\t\t\t\t<div class=\"elementor-column elementor-col-50 elementor-inner-column elementor-element elementor-element-824f40c\" data-id=\"824f40c\" data-element_type=\"column\">\n\t\t\t<div class=\"elementor-widget-wrap elementor-element-populated\">\n\t\t\t\t\t\t\t\t<div class=\"elementor-element elementor-element-c236473 elementor-widget elementor-widget-image\" data-id=\"c236473\" data-element_type=\"widget\" data-widget_type=\"image.default\">\n\t\t\t\t<div class=\"elementor-widget-container\">\n\t\t\t<style>\/*! elementor - v3.10.1 - 17-01-2023 *\/\n.elementor-widget-image{text-align:center}.elementor-widget-image a{display:inline-block}.elementor-widget-image a img[src$=\".svg\"]{width:48px}.elementor-widget-image img{vertical-align:middle;display:inline-block}<\/style>\t\t\t\t\t\t\t\t\t\t\t\t<img loading=\"lazy\" decoding=\"async\" width=\"550\" height=\"700\" src=\"https:\/\/ozkandangroup.com\/wp-content\/uploads\/2023\/02\/vip-transfer.png\" class=\"attachment-full size-full wp-image-15014\" alt=\"\" srcset=\"https:\/\/ozkandangroup.com\/wp-content\/uploads\/2023\/02\/vip-transfer.png 550w, https:\/\/ozkandangroup.com\/wp-content\/uploads\/2023\/02\/vip-transfer-236x300.png 236w\" sizes=\"(max-width: 550px) 100vw, 550px\" style=\"width:100%;height:127.27%;max-width:550px\" \/>\t\t\t\t\t\t\t\t\t\t\t\t\t\t\t<\/div>\n\t\t\t\t<\/div>\n\t\t\t\t\t<\/div>\n\t\t<\/div>\n\t\t\t\t<div class=\"elementor-column elementor-col-50 elementor-inner-column elementor-element elementor-element-2957756\" data-id=\"2957756\" data-element_type=\"column\">\n\t\t\t<div class=\"elementor-widget-wrap elementor-element-populated\">\n\t\t\t\t\t\t\t\t<div class=\"elementor-element elementor-element-382fc34 tikred elementor-widget elementor-widget-text-editor\" data-id=\"382fc34\" data-element_type=\"widget\" data-widget_type=\"text-editor.default\">\n\t\t\t\t<div class=\"elementor-widget-container\">\n\t\t\t<style>\/*! elementor - v3.10.1 - 17-01-2023 *\/\n.elementor-widget-text-editor.elementor-drop-cap-view-stacked .elementor-drop-cap{background-color:#818a91;color:#fff}.elementor-widget-text-editor.elementor-drop-cap-view-framed .elementor-drop-cap{color:#818a91;border:3px solid;background-color:transparent}.elementor-widget-text-editor:not(.elementor-drop-cap-view-default) .elementor-drop-cap{margin-top:8px}.elementor-widget-text-editor:not(.elementor-drop-cap-view-default) .elementor-drop-cap-letter{width:1em;height:1em}.elementor-widget-text-editor .elementor-drop-cap{float:left;text-align:center;line-height:1;font-size:50px}.elementor-widget-text-editor .elementor-drop-cap-letter{display:inline-block}<\/style>\t\t\t\t<p>Abbiamo trasferimento VIP e servizi di accoglienza all&#8217;aeroporto di Istanbul, all&#8217;aeroporto Sabiha<br \/>\nG\u00f6k\u00e7en e all&#8217;aeroporto di Ankara Esenbo\u011fa.<\/p>\n<p>Forniamo un servizio orientato alla soddisfazione del cliente al 100% con i nostri veicoli VIP<br \/>\nconfortevoli, sicuri e sterili e il personale di autista professionale.<\/p>\n<p>Il servizio di noleggio auto in aeroporto \u00e8 un comodo servizio di viaggio con un veicolo appositamente<br \/>\nassegnato per te dopo il volo. Oggi milioni di persone viaggiano in aereo e richiedono servizi di<br \/>\nautonoleggio per viaggiare dopo il volo. Le persone che viaggeranno su strada verso altre citt\u00e0 o<br \/>\nall&#8217;interno della stessa citt\u00e0 collegandosi dai principali aeroporti come l&#8217;aeroporto di Istanbul,<br \/>\nl&#8217;aeroporto Sabiha G\u00f6k\u00e7en e l&#8217;aeroporto di Esenbo\u011fa preferiscono un viaggio sicuro e salutare con<br \/>\nl&#8217;autonoleggio VIP.<\/p>\n\t\t\t\t\t\t<\/div>\n\t\t\t\t<\/div>\n\t\t\t\t\t<\/div>\n\t\t<\/div>\n\t\t\t\t\t\t\t<\/div>\n\t\t<\/section>\n\t\t\t\t\t<\/div>\n\t\t<\/div>\n\t\t\t\t\t\t\t<\/div>\n\t\t<\/section>\n\t\t\t\t\t\t\t<\/div>\n\t\t","protected":false},"excerpt":{"rendered":"<p>Abbiamo trasferimento VIP e servizi di accoglienza all&#8217;aeroporto di Istanbul, all&#8217;aeroporto Sabiha G\u00f6k\u00e7en e all&#8217;aeroporto di Ankara Esenbo\u011fa. Forniamo un servizio orientato alla soddisfazione del cliente al 100% con i nostri veicoli VIP confortevoli, sicuri e sterili e il personale di autista professionale. Il servizio di noleggio auto in aeroporto \u00e8 un comodo servizio di&hellip; <a class=\"more-link\" href=\"https:\/\/ozkandangroup.com\/en\/transfer-vip-aeroporto\/\">Continue reading <span class=\"screen-reader-text\">TRANSFER VIP AEROPORTO<\/span><\/a><\/p>\n","protected":false},"author":1,"featured_media":0,"parent":0,"menu_order":0,"comment_status":"closed","ping_status":"closed","template":"","meta":{"footnotes":""},"class_list":["post-16295","page","type-page","status-publish","hentry","entry"],"_links":{"self":[{"href":"https:\/\/ozkandangroup.com\/en\/wp-json\/wp\/v2\/pages\/16295"}],"collection":[{"href":"https:\/\/ozkandangroup.com\/en\/wp-json\/wp\/v2\/pages"}],"about":[{"href":"https:\/\/ozkandangroup.com\/en\/wp-json\/wp\/v2\/types\/page"}],"author":[{"embeddable":true,"href":"https:\/\/ozkandangroup.com\/en\/wp-json\/wp\/v2\/users\/1"}],"replies":[{"embeddable":true,"href":"https:\/\/ozkandangroup.com\/en\/wp-json\/wp\/v2\/comments?post=16295"}],"version-history":[{"count":1,"href":"https:\/\/ozkandangroup.com\/en\/wp-json\/wp\/v2\/pages\/16295\/revisions"}],"predecessor-version":[{"id":16296,"href":"https:\/\/ozkandangroup.com\/en\/wp-json\/wp\/v2\/pages\/16295\/revisions\/16296"}],"wp:attachment":[{"href":"https:\/\/ozkandangroup.com\/en\/wp-json\/wp\/v2\/media?parent=16295"}],"curies":[{"name":"wp","href":"https:\/\/api.w.org\/{rel}","templated":true}]}}