{"id":16359,"date":"2023-03-10T21:32:06","date_gmt":"2023-03-10T18:32:06","guid":{"rendered":"https:\/\/ozkandangroup.com\/%d8%ac%d9%85%d8%a7%d9%84%d9%8a%d8%a7%d8%aa-%d8%a7%d9%84%d8%b9%d9%8a%d9%86\/"},"modified":"2023-11-10T17:00:02","modified_gmt":"2023-11-10T14:00:02","slug":"%d8%ac%d9%85%d8%a7%d9%84%d9%8a%d8%a7%d8%aa-%d8%a7%d9%84%d8%b9%d9%8a%d9%86","status":"publish","type":"page","link":"https:\/\/ozkandangroup.com\/ar\/%d8%ac%d9%85%d8%a7%d9%84%d9%8a-2\/%d8%ac%d9%85%d8%a7%d9%84%d9%8a%d8%a7%d8%aa-%d8%a7%d9%84%d8%b9%d9%8a%d9%86\/","title":{"rendered":"\u062c\u0645\u0627\u0644\u064a\u0627\u062a \u0627\u0644\u0639\u064a\u0646"},"content":{"rendered":"\t\t<div data-elementor-type=\"wp-page\" data-elementor-id=\"16359\" class=\"elementor elementor-16359 elementor-15724\">\n\t\t\t\t\t\t\t\t\t<section class=\"elementor-section elementor-top-section elementor-element elementor-element-1f551bd elementor-section-stretched ucluk elementor-section-boxed elementor-section-height-default elementor-section-height-default\" data-id=\"1f551bd\" data-element_type=\"section\" data-settings=\"{&quot;stretch_section&quot;:&quot;section-stretched&quot;}\">\n\t\t\t\t\t\t<div class=\"elementor-container elementor-column-gap-default\">\n\t\t\t\t\t<div class=\"elementor-column elementor-col-100 elementor-top-column elementor-element elementor-element-920f44c\" data-id=\"920f44c\" data-element_type=\"column\">\n\t\t\t<div class=\"elementor-widget-wrap elementor-element-populated\">\n\t\t\t\t\t\t\t\t<section class=\"elementor-section elementor-inner-section elementor-element elementor-element-4b457fd elementor-section-full_width icdiv elementor-section-height-default elementor-section-height-default\" data-id=\"4b457fd\" data-element_type=\"section\">\n\t\t\t\t\t\t<div class=\"elementor-container elementor-column-gap-default\">\n\t\t\t\t\t<div class=\"elementor-column elementor-col-100 elementor-inner-column elementor-element elementor-element-2957756\" data-id=\"2957756\" data-element_type=\"column\">\n\t\t\t<div class=\"elementor-widget-wrap elementor-element-populated\">\n\t\t\t\t\t\t\t\t<div class=\"elementor-element elementor-element-382fc34 tikred elementor-widget elementor-widget-text-editor\" data-id=\"382fc34\" data-element_type=\"widget\" data-widget_type=\"text-editor.default\">\n\t\t\t\t<div class=\"elementor-widget-container\">\n\t\t\t<style>\/*! elementor - v3.10.1 - 17-01-2023 *\/\n.elementor-widget-text-editor.elementor-drop-cap-view-stacked .elementor-drop-cap{background-color:#818a91;color:#fff}.elementor-widget-text-editor.elementor-drop-cap-view-framed .elementor-drop-cap{color:#818a91;border:3px solid;background-color:transparent}.elementor-widget-text-editor:not(.elementor-drop-cap-view-default) .elementor-drop-cap{margin-top:8px}.elementor-widget-text-editor:not(.elementor-drop-cap-view-default) .elementor-drop-cap-letter{width:1em;height:1em}.elementor-widget-text-editor .elementor-drop-cap{float:left;text-align:center;line-height:1;font-size:50px}.elementor-widget-text-editor .elementor-drop-cap-letter{display:inline-block}<\/style>\t\t\t\t<p>G\u00f6z esteti\u011fi, g\u00f6z kapa\u011f\u0131 d\u00fc\u015f\u00fckl\u00fc\u011f\u00fc, kaz ayaklar\u0131, ka\u015f d\u00fc\u015f\u00fckl\u00fc\u011f\u00fc, g\u00f6zalt\u0131 torbalar\u0131, yanakla g\u00f6zalt\u0131 aras\u0131nda \u00e7\u00f6kme gibi durumlarda uygulanan cerrahi y\u00f6ntemdir.<\/p>\n<h2>G\u00f6z esteti\u011fi nedir?<\/h2>\n<p>Ya\u015flanma ile birlikte g\u00f6z kapaklar\u0131nda bir tak\u0131m de\u011fi\u015fiklikler g\u00f6r\u00fcl\u00fcr. Bunlar g\u00f6z altlar\u0131nda torbalanma, \u00fcst kapaklarda cilt fazlal\u0131klar\u0131 ve sarkma, g\u00f6z d\u0131\u015f kenar\u0131nda \u201ckaz aya\u011f\u0131\u201d denen k\u0131r\u0131\u015f\u0131kl\u0131klard\u0131r.<\/p>\n<p>G\u00f6z \u00e7evresindeki bu de\u011fi\u015fiklikler i\u00e7in \u201cblefaroplasti\u201d denen g\u00f6z kapa\u011f\u0131 estetik operasyonu uygulan\u0131r. Bu cerrahi i\u015flem halk aras\u0131nda g\u00f6z esteti\u011fi olarak bilinir.<br \/>\nG\u00f6z kapa\u011f\u0131 d\u00fc\u015f\u00fckl\u00fc\u011f\u00fc (pitozis)<\/p>\n<p>\u00dcst g\u00f6z kapa\u011f\u0131n\u0131n d\u00fc\u015f\u00fck olmas\u0131na \u201cpitozis\u201d denmektedir. Kapak d\u00fc\u015f\u00fckl\u00fc\u011f\u00fc her ya\u015fta g\u00f6r\u00fclebilir. Bu rahats\u0131zl\u0131k g\u00f6z esteti\u011fi kapsam\u0131nda tedavi edilmektedir.<\/p>\n<p>Kapaklar\u0131n i\u00e7e d\u00f6nmesi (entropiyon)<\/p>\n<p>G\u00f6z kapaklar\u0131n\u0131n i\u00e7e d\u00f6nmesine &#8220;entropiyon&#8221; denir. Entropiyon genellikle alt g\u00f6z kapa\u011f\u0131nda olur. \u00c7ok nadiren \u00fcst kapakta da olabilir. Entropiyon daha \u00e7ok ya\u015fl\u0131l\u0131\u011fa ba\u011fl\u0131 (senil) kapak gev\u015femesinden kaynaklanmakla birlikte, skar denilen yara izlerine ba\u011fl\u0131 ya da do\u011fu\u015ftan da olabilir.<br \/>\nKapaklar\u0131n d\u0131\u015fa d\u00f6nmesi (ektropiyon)<\/p>\n<p>G\u00f6z kapaklar\u0131n\u0131n d\u0131\u015fa d\u00f6nmesine &#8220;ektropiyon&#8221; ad\u0131 verilir. G\u00f6z esteti\u011fi cerrahisi ile d\u00fczeltilebilir. Ektropiyon alt g\u00f6z kapa\u011f\u0131nda olur. Ektropiyon daha \u00e7ok ya\u015fa ba\u011fl\u0131 (senil) kapak gev\u015femesinden kaynaklanmakla birlikte, yara izlerine (skatrisyel) , y\u00fcz siniri felcine ve alt kapaktaki kitlelere (mekanik) ba\u011fl\u0131 da geli\u015febilir.<\/p>\n<p><strong>G\u00f6zalt\u0131 torbalar\u0131 nas\u0131l tedavi edilir?<\/strong><\/p>\n<p><strong>G\u00f6zalt\u0131 torbalar\u0131n\u0131n<\/strong>\u00a0olu\u015fumunda en \u00f6nemli sebep genetik, yani kal\u0131t\u0131md\u0131r. \u0130kinci sebep troid hastal\u0131\u011f\u0131d\u0131r. G\u00f6z alt\u0131 torbalar\u0131 ki\u015fiye oldu\u011fundan daha ya\u015fl\u0131 ve yorgun bir g\u00f6r\u00fcn\u00fcm verir. Fazla ya\u011f dokular\u0131n\u0131n al\u0131nmas\u0131 ya da yerle\u015fim yerlerinin de\u011fi\u015ftirilmesiyle tedavi edilir.<\/p>\n<p>Operasyonlar lokal anestezi alt\u0131nda yap\u0131labilir ve etkileri uzun s\u00fcre devam eder. Alt g\u00f6z kapa\u011f\u0131na yap\u0131lan m\u00fcdahaleler \u00e7o\u011funlukla cildi kesmeye gerek olmaks\u0131z\u0131n kapak i\u00e7inden uygulanabilir. B\u00f6ylelikle operasyon sonras\u0131 iz kalma ya da kapakta \u015fekil bozuklu\u011fu olma sorunundan ka\u00e7\u0131n\u0131lm\u0131\u015f olur.<\/p>\n\t\t\t\t\t\t<\/div>\n\t\t\t\t<\/div>\n\t\t\t\t\t<\/div>\n\t\t<\/div>\n\t\t\t\t\t\t\t<\/div>\n\t\t<\/section>\n\t\t\t\t\t<\/div>\n\t\t<\/div>\n\t\t\t\t\t\t\t<\/div>\n\t\t<\/section>\n\t\t\t\t\t\t\t<\/div>\n\t\t","protected":false},"excerpt":{"rendered":"<p>G\u00f6z esteti\u011fi, g\u00f6z kapa\u011f\u0131 d\u00fc\u015f\u00fckl\u00fc\u011f\u00fc, kaz ayaklar\u0131, ka\u015f d\u00fc\u015f\u00fckl\u00fc\u011f\u00fc, g\u00f6zalt\u0131 torbalar\u0131, yanakla g\u00f6zalt\u0131 aras\u0131nda \u00e7\u00f6kme gibi durumlarda uygulanan cerrahi y\u00f6ntemdir. G\u00f6z esteti\u011fi nedir? Ya\u015flanma ile birlikte g\u00f6z kapaklar\u0131nda bir tak\u0131m de\u011fi\u015fiklikler g\u00f6r\u00fcl\u00fcr. Bunlar g\u00f6z altlar\u0131nda torbalanma, \u00fcst kapaklarda cilt fazlal\u0131klar\u0131 ve sarkma, g\u00f6z d\u0131\u015f kenar\u0131nda \u201ckaz aya\u011f\u0131\u201d denen k\u0131r\u0131\u015f\u0131kl\u0131klard\u0131r. G\u00f6z \u00e7evresindeki bu de\u011fi\u015fiklikler i\u00e7in \u201cblefaroplasti\u201d&hellip; <a class=\"more-link\" href=\"https:\/\/ozkandangroup.com\/ar\/%d8%ac%d9%85%d8%a7%d9%84%d9%8a-2\/%d8%ac%d9%85%d8%a7%d9%84%d9%8a%d8%a7%d8%aa-%d8%a7%d9%84%d8%b9%d9%8a%d9%86\/\">\u0645\u062a\u0627\u0628\u0639\u0629 \u0642\u0631\u0627\u0621\u0629 <span class=\"screen-reader-text\">\u062c\u0645\u0627\u0644\u064a\u0627\u062a \u0627\u0644\u0639\u064a\u0646<\/span><\/a><\/p>\n","protected":false},"author":1,"featured_media":0,"parent":16483,"menu_order":0,"comment_status":"closed","ping_status":"closed","template":"","meta":{"footnotes":""},"class_list":["post-16359","page","type-page","status-publish","hentry","entry"],"_links":{"self":[{"href":"https:\/\/ozkandangroup.com\/ar\/wp-json\/wp\/v2\/pages\/16359"}],"collection":[{"href":"https:\/\/ozkandangroup.com\/ar\/wp-json\/wp\/v2\/pages"}],"about":[{"href":"https:\/\/ozkandangroup.com\/ar\/wp-json\/wp\/v2\/types\/page"}],"author":[{"embeddable":true,"href":"https:\/\/ozkandangroup.com\/ar\/wp-json\/wp\/v2\/users\/1"}],"replies":[{"embeddable":true,"href":"https:\/\/ozkandangroup.com\/ar\/wp-json\/wp\/v2\/comments?post=16359"}],"version-history":[{"count":1,"href":"https:\/\/ozkandangroup.com\/ar\/wp-json\/wp\/v2\/pages\/16359\/revisions"}],"predecessor-version":[{"id":16360,"href":"https:\/\/ozkandangroup.com\/ar\/wp-json\/wp\/v2\/pages\/16359\/revisions\/16360"}],"up":[{"embeddable":true,"href":"https:\/\/ozkandangroup.com\/ar\/wp-json\/wp\/v2\/pages\/16483"}],"wp:attachment":[{"href":"https:\/\/ozkandangroup.com\/ar\/wp-json\/wp\/v2\/media?parent=16359"}],"curies":[{"name":"wp","href":"https:\/\/api.w.org\/{rel}","templated":true}]}}