{"id":16189,"date":"2023-02-27T22:06:41","date_gmt":"2023-02-27T19:06:41","guid":{"rendered":"https:\/\/ozkandangroup.com\/%d8%a7%d9%84%d8%ad%d9%88%d8%b6-%d8%a3%d9%85%d9%84\/"},"modified":"2023-11-08T21:16:18","modified_gmt":"2023-11-08T18:16:18","slug":"%d8%a7%d9%84%d8%ad%d9%88%d8%b6-%d8%a3%d9%85%d9%84","status":"publish","type":"page","link":"https:\/\/ozkandangroup.com\/ar\/%d8%a7%d9%84%d8%a5%d8%ac%d8%b1%d8%a7%d8%a1%d8%a7%d8%aa-%d8%a7%d9%84%d8%ac%d8%b1%d8%a7%d8%ad%d9%8a%d8%a9\/%d8%a7%d9%84%d8%ad%d9%88%d8%b6-%d8%a3%d9%85%d9%84\/","title":{"rendered":"\u0627\u0644\u062d\u0648\u0636 \u0623\u0645\u0644."},"content":{"rendered":"\t\t<div data-elementor-type=\"wp-page\" data-elementor-id=\"16189\" class=\"elementor elementor-16189 elementor-15197\">\n\t\t\t\t\t\t\t\t\t<section class=\"elementor-section elementor-top-section elementor-element elementor-element-1f551bd elementor-section-stretched ucluk elementor-section-boxed elementor-section-height-default elementor-section-height-default\" data-id=\"1f551bd\" data-element_type=\"section\" data-settings=\"{&quot;stretch_section&quot;:&quot;section-stretched&quot;}\">\n\t\t\t\t\t\t<div class=\"elementor-container elementor-column-gap-default\">\n\t\t\t\t\t<div class=\"elementor-column elementor-col-100 elementor-top-column elementor-element elementor-element-920f44c\" data-id=\"920f44c\" data-element_type=\"column\">\n\t\t\t<div class=\"elementor-widget-wrap elementor-element-populated\">\n\t\t\t\t\t\t\t\t<section class=\"elementor-section elementor-inner-section elementor-element elementor-element-4b457fd elementor-section-full_width icdiv elementor-section-height-default elementor-section-height-default\" data-id=\"4b457fd\" data-element_type=\"section\">\n\t\t\t\t\t\t<div class=\"elementor-container elementor-column-gap-default\">\n\t\t\t\t\t<div class=\"elementor-column elementor-col-100 elementor-inner-column elementor-element elementor-element-2957756\" data-id=\"2957756\" data-element_type=\"column\">\n\t\t\t<div class=\"elementor-widget-wrap elementor-element-populated\">\n\t\t\t\t\t\t\t\t<div class=\"elementor-element elementor-element-382fc34 tikred elementor-widget elementor-widget-text-editor\" data-id=\"382fc34\" data-element_type=\"widget\" data-widget_type=\"text-editor.default\">\n\t\t\t\t<div class=\"elementor-widget-container\">\n\t\t\t<style>\/*! elementor - v3.10.1 - 17-01-2023 *\/\n.elementor-widget-text-editor.elementor-drop-cap-view-stacked .elementor-drop-cap{background-color:#818a91;color:#fff}.elementor-widget-text-editor.elementor-drop-cap-view-framed .elementor-drop-cap{color:#818a91;border:3px solid;background-color:transparent}.elementor-widget-text-editor:not(.elementor-drop-cap-view-default) .elementor-drop-cap{margin-top:8px}.elementor-widget-text-editor:not(.elementor-drop-cap-view-default) .elementor-drop-cap-letter{width:1em;height:1em}.elementor-widget-text-editor .elementor-drop-cap{float:left;text-align:center;line-height:1;font-size:50px}.elementor-widget-text-editor .elementor-drop-cap-letter{display:inline-block}<\/style>\t\t\t\t<p>\u0627\u0644\u062d\u0648\u0636 \u0639\u0628\u0627\u0631\u0629 \u0639\u0646 \u0645\u0646\u0637\u0642\u0629 \u0628\u064a\u0636\u0627\u0648\u064a\u0629 \u0627\u0644\u0634\u0643\u0644 \u0645\u0646 \u0627\u0644\u062c\u0633\u0645 \u062a\u0642\u0639 \u0628 \u064a \u0639\u0638\u0627\u0645 \u0627\u0644\u0648\u0631\u0643 \u0648\u062a\u062d \u0645\u0649 \u0623\u0639\u0636\u0627\u0621 \u0627\u0644\u0628\u0637\u0646 . \u0648\u0645\u0646 \u0627\u0644\u0645\u0639\u0631\u0648\u0641 \u0627<br \/>\n\u064b<br \/>\n\u0623\u064a\u0636 \u0628\u0627\u0633\u0645 \u0639\u0638\u0645<br \/>\n\u0627\u0644\u062d\u0648\u0636 \u0628 \u064a \u0627\u0644\u0646\u0627\u0633 . \u064a\u062a\u0643\u0648\u0646 \u0645\u0646 \u0639\u0638\u0645\u062a \u064a<br \/>\n\u0641 \u0627\u0644\u0641\u062e\u0630 \u0645\u062a\u0635\u0644\u062a \u064a \u0645\u0646 \u0627\u0644\u0623\u0645\u0627\u0645 \u0628\u063a \u0635\u0631\u0648\u0641 \u064a\u0633\u0645\u0649 \u0627\u0631\u062a\u0641\u0627\u0642 \u0627\u0644\u0639\u0627\u0646\u0629 . \u062a\u0634\u0643\u0644 \u0639\u0638\u0627\u0645 \u0627\u0644\u062d\u0648\u0636 \u0628\u0646\u064a\u0629<br \/>\n\u0627\u0644\u062d\u0648\u0636<br \/>\n\u0627\u0644 \u062a \u062a\u062f\u0639\u0645 \u0623\u0639\u0636\u0627\u0621 \u0627\u0644\u062d\u0648\u0636 . \u0623\u0639\u0636\u0627\u0621 \u0627\u0644\u062d\u0648\u0636 \u0627\u0644\u0645\u062b\u0627\u0646\u0629 \u0648\u0627\u0644\u0631\u062d\u0645 \u0648\u0627\u0644\u0623\u0645\u0639\u0627\u0621 . \u0627\u0644\u062d\u0648\u0636 \u0639\u0628\u0627\u0631\u0629 \u0639\u0646 \u0647\u064a\u0643\u0644 \u0639\u0638 \u0645\u0649 \u0643\u0628 \u064a \u064a\u0642\u0639<br \/>\n\u0641 \u0642\u0627\u0639\u062f\u0629<br \/>\n\u0627\u0644\u0639\u0645\u0648\u062f \u0627\u0644\u0641\u0642\u0631\u064a \u0648\u064a\u062f\u0639\u0645 \u0627\u0644\u062c\u0632\u0621 \u0627\u0644\u0633\u0641 \u0644 \u0645\u0646 \u0627\u0644\u062c\u0633\u0645 . \u0639\u0638\u0645 \u0627\u0644\u0648\u0631\u0643 \u064a\u062a\u0643\u0648\u0646 \u0645\u0646 \u0639\u062f\u0629 \u0639\u0638\u0627\u0645 \u060c \u0628\u0645\u0627<br \/>\n\u0641 \u0630\u0644\u0643 \u0627\u0644\u0639\u062c\u0632 \u0648\u0627\u0644\u062f\u0642\u0627\u0642 \u0648\u0627\u0644\u0633\u0643 \u0648\u0627\u0644\u0639\u0627\u0646\u0629 .<br \/>\n\u0645\u0627 \u0647 \u0623\u0633\u0628\u0627\u0628 \u0622\u0644\u0627\u0645 \u0639\u0638\u0645 \u0627\u0644\u062d\u0648\u0636\u061f<br \/>\n\u064a\u0639\u062a \u064a \u0639\u0638\u0645 \u0627\u0644\u062d\u0648\u0636 \u0645\u0647\u0645\u064b\u0627 \u0627<br \/>\n\u064b<br \/>\n\u062c\u062f \u062e\u0627\u0635\u0629 \u0628\u0627\u0644\u0646\u0633\u0628\u0629 \u0644\u0644\u0646\u0633\u0627\u0621 \u0645\u0646 \u062d\u064a\u062b \u0627\u0644\u0623\u0639\u0636\u0627\u0621 \u0630\u0627\u062a \u0627\u0644\u0648\u0638\u0627\u0626\u0641 \u0627\u0644\u062a\u0646\u0627\u0633\u0644\u064a\u0629 . \u064a\u064f\u0639\u0631\u0641 \u0627\u0644\u0623\u0644\u0645<br \/>\n\u0641 \u0647\u0630\u0647 \u0627\u0644\u0645\u0646\u0637\u0642\u0629 \u0628\u0623\u0644\u0645<br \/>\n\u0627\u0644\u062d\u0648\u0636 . \u0645\u0639 \u0627\u0644\u0631\u063a\u0628\u0629<br \/>\n\u0641 \u0627\u0644\u0628\u062f\u0621 \u0628\u0647\u062f\u0648\u0621<br \/>\n\u0641 \u0627\u0644\u0628\u062f\u0627\u064a\u0629 \u060c \u064a\u0645\u0643\u0646 \u0623\u0646 \u062a\u0632\u062f\u0627\u062f \u062d\u062f\u0629 \u0628\u0645\u0631\u0648\u0631 \u0627\u0644\u0648\u0642\u062a . \u0648\u0647\u0648 \u0623\u0644\u0645 \u064a\u0638\u0647\u0631 \u062a\u0623\u062b \u064a\u0647<br \/>\n\u0641 \u062a\u0642\u0644\u0635\u0627\u062a \u0648\u062a\u0634\u0646\u062c\u0627\u062a<br \/>\n\u0627\u0644\u0639\u0636\u0644\u0627\u062a \u0648\u062e\u0627\u0635\u0629<br \/>\n\u0641 \u0645\u0646\u0637\u0642\u0629 \u0627\u0644\u0628\u0637\u0646 . \u0625\u0630\u0627 \u0627\u0633\u062a\u0645\u0631 \u0623\u0643 \u064a \u0645\u0646 6 \u0623\u0634\u0647\u0631 \u060c \u0641\u0642\u062f \u0623\u0635\u0628\u062d \u0627<br \/>\n\u064b<br \/>\n\u0645\u0632\u0645\u0646 \u0648\u0645\u0646 \u0627\u0644 \u0635\u0631\u0648\u0631\u064a \u0627\u0644\u062d\u0635\u0648\u0644 \u0639\u0644 \u0627\u0644\u062f\u0639\u0645 \u062a\u062d\u062a<br \/>\n\u0625 \u0633\u0631\u0627\u0641 \u0637\u0628\u064a\u0628 \u0645\u062a\u062e\u0635\u0635 . \u064a\u0639\u062a\u0645\u062f \u0627\u0644\u0646\u062c\u0627\u062d<br \/>\n<strong><img loading=\"lazy\" decoding=\"async\" class=\"size-full wp-image-15045 alignright\" src=\"https:\/\/ozkandangroup.com\/wp-content\/uploads\/2023\/02\/pelvis-ameliyati.jpg\" alt=\"\" width=\"800\" height=\"600\" srcset=\"https:\/\/ozkandangroup.com\/wp-content\/uploads\/2023\/02\/pelvis-ameliyati.jpg 800w, https:\/\/ozkandangroup.com\/wp-content\/uploads\/2023\/02\/pelvis-ameliyati-300x225.jpg 300w, https:\/\/ozkandangroup.com\/wp-content\/uploads\/2023\/02\/pelvis-ameliyati-768x576.jpg 768w\" sizes=\"(max-width: 800px) 100vw, 800px\" \/>Pelvis Kemi\u011fi A\u011fr\u0131s\u0131 Neden Olur?<\/strong><br \/>\n\u0641 \u0639\u0644\u0627\u062c \u0643\u0633\u0648\u0631 \u0627\u0644\u062d\u0648\u0636 \u0639\u0644 \u0627\u0644\u062a\u062d\u062f\u064a\u062f \u0627\u0644\u0648\u0627\u0636\u062d \u0644\u0646\u0648\u0639 \u0627\u0644\u0643\u0633\u0631 \u0648\u0634\u062f\u0629 \u0627\u0644\u0635\u0627\u0628\u0627\u062a \u0627\u0644\u0636\u0627\u0641\u064a\u0629<br \/>\n\u0648\u0627\u0644\u062d\u0627\u0644\u0629 \u0627\u0644\u0639\u0627\u0645\u0629 \u0644\u0644\u0645\u0631\u064a\u0636 \u0648\u0645\u0647\u0627\u0631\u0629 \u0641\u0631\u064a\u0642 \u0627\u0644\u0639\u0646\u0627\u064a\u0629 \u0627\u0644\u0645\u0631\u0643\u0632\u0629 . \u0639\u0644\u0627\u062c \u0627\u0644\u0643\u0633\u0648\u0631 \u0627\u0644\u0645\u0633\u062a\u0642\u0631\u0629 \u0647\u0648 \u0639\u0644\u0627\u062c \u0645\u062a\u062d\u0641\u0638 . \u064a\u062a\u0645 \u0639\u0644\u0627\u062c \u0627\u0644\u0643\u0633\u0648\u0631 \u0627\u0644\u0642 \u0633\u0631\u064a\u0629 \u0628\u0627\u0644\u0631\u0627\u062d\u0629<br \/>\n\u0641 \u0627\u0644\u0641\u0631\u0627\u0634 \u0648\u0627\u0644\u0645\u0633\u0643\u0646\u0627\u062a . \u0625\u0630\u0627 \u0643\u0627\u0646 \u0627\u0644\u062c\u0632\u0621 \u0627\u0644\u0623\u0645\u0627 \u0645<br \/>\n\u0648\u0627\u0644\u062e\u0644 \u0642 \u0645\u0646 \u062d\u0644\u0642\u0629 \u0627\u0644\u062d\u0648\u0636 \u0645\u0633\u062a\u0642\u0631\u064b\u0627 \u0639\u0645\u0648\u062f\u064a\u064b\u0627 \u0648\u062f\u0648\u0631\u0627\u0646\u064a\u064b\u0627 \u060c \u0641\u0633\u062a\u0643\u0648\u0646 \u0637\u0631\u0642 \u0627\u0644\u0639\u0644\u0627\u062c \u0627\u0644\u0645\u062d\u0627\u0641\u0638\u0629<br \/>\n\u0643\u0627\u0641\u064a\u0629 . \u0639\u0644\u0627\u062c \u0627\u0644\u0643\u0633\u0648\u0631 \u063a \u064a \u0627\u0644\u0645\u0633\u062a\u0642\u0631\u0629 \u0639\u0627\u0644\u064a\u0629 \u0627\u0644\u0637\u0627\u0642\u0629 \u0623\u0645\u0631 \u0645\u0639\u0642\u062f . \u0647\u0624\u0644\u0627\u0621 \u0627\u0644\u0645\u0631 \u0636 \u064a\u0639\u0627\u0646\u0648\u0646 \u0645\u0646 \u0625\u0635\u0627\u0628\u0627\u062a \u0647\u064a\u0643\u0644\u064a\u0629 \u0648\u0639\u0635\u0628\u064a\u0629 \u0648\u0623\u0648\u0639\u064a\u0629 \u0627\u0644\u062f\u0645\u0648\u064a\u0629<br \/>\n\u0648\u0625\u0635\u0627\u0628\u0627\u062a \u0623\u062e\u0631\u0649 . \u0647\u0630\u0647 \u0627\u0644\u0635\u0627\u0628\u0627\u062a \u062a\u0639\u0642\u062f \u0627\u0644\u0639\u0644\u0627\u062c \u0648\u062a\u0632\u064a\u062f \u0645\u0646 \u0645\u0639\u062f\u0644 \u0627\u0644\u0648\u0641\u064a\u0627\u062a \u0648\u0627\u0644\u0645\u0631\u0627\u0636\u0629 . \u0647\u0630\u0647 \u0627\u0644\u062c\u0631\u0648\u062d \u0647 \u0633\u0628\u0628 \u0627\u0644\u0648\u0641\u0627\u0629 . \u0627\u0644\u063a\u0631\u0636 \u0645\u0646 \u0639\u0644\u0627\u062c<br \/>\n\u0625\u0635\u0627\u0628\u0627\u062a \u0627\u0644\u062d\u0648\u0636 \u0639\u0627\u0644\u064a\u0629 \u0627\u0644\u0637\u0627\u0642\u0629 \u061b \u0645\u0646\u0639 \u0627\u0644\u0648\u0641\u0627\u0629 \u0627\u0644\u0645\u0628\u0643\u0631\u0629 \u0645\u0646 \u0627\u0644 \u064a\u064a\u0641 \u060c \u0648\u0627\u0644\u062a\u0634\u062e\u064a\u0635 \u0627\u0644\u0645\u0628\u0643\u0631 \u0648\u0639\u0644\u0627\u062c \u0627\u0644\u0635\u0627\u0628\u0627\u062a \u0627\u0644\u0645\u0635\u0627\u062d\u0628\u0629 \u0644\u0647\u0627 \u060c \u0648\u0625\u0639\u0627\u062f\u0629<br \/>\n\u0627\u0644\u0645 \u0631\u064a\u0636 \u0625\u0644\u0649 \u0645\u0633\u062a\u0648\u0649 \u0648\u0638\u064a\u0641\u062a\u0647 \u0642\u0628\u0644 \u0627\u0644\u0635\u0627\u0628\u0629 .<\/p>\n\t\t\t\t\t\t<\/div>\n\t\t\t\t<\/div>\n\t\t\t\t\t<\/div>\n\t\t<\/div>\n\t\t\t\t\t\t\t<\/div>\n\t\t<\/section>\n\t\t\t\t\t<\/div>\n\t\t<\/div>\n\t\t\t\t\t\t\t<\/div>\n\t\t<\/section>\n\t\t\t\t\t\t\t<\/div>\n\t\t","protected":false},"excerpt":{"rendered":"<p>\u0627\u0644\u062d\u0648\u0636 \u0639\u0628\u0627\u0631\u0629 \u0639\u0646 \u0645\u0646\u0637\u0642\u0629 \u0628\u064a\u0636\u0627\u0648\u064a\u0629 \u0627\u0644\u0634\u0643\u0644 \u0645\u0646 \u0627\u0644\u062c\u0633\u0645 \u062a\u0642\u0639 \u0628 \u064a \u0639\u0638\u0627\u0645 \u0627\u0644\u0648\u0631\u0643 \u0648\u062a\u062d \u0645\u0649 \u0623\u0639\u0636\u0627\u0621 \u0627\u0644\u0628\u0637\u0646 . \u0648\u0645\u0646 \u0627\u0644\u0645\u0639\u0631\u0648\u0641 \u0627 \u064b \u0623\u064a\u0636 \u0628\u0627\u0633\u0645 \u0639\u0638\u0645 \u0627\u0644\u062d\u0648\u0636 \u0628 \u064a \u0627\u0644\u0646\u0627\u0633 . \u064a\u062a\u0643\u0648\u0646 \u0645\u0646 \u0639\u0638\u0645\u062a \u064a \u0641 \u0627\u0644\u0641\u062e\u0630 \u0645\u062a\u0635\u0644\u062a \u064a \u0645\u0646 \u0627\u0644\u0623\u0645\u0627\u0645 \u0628\u063a \u0635\u0631\u0648\u0641 \u064a\u0633\u0645\u0649 \u0627\u0631\u062a\u0641\u0627\u0642 \u0627\u0644\u0639\u0627\u0646\u0629 . \u062a\u0634\u0643\u0644 \u0639\u0638\u0627\u0645 \u0627\u0644\u062d\u0648\u0636 \u0628\u0646\u064a\u0629 \u0627\u0644\u062d\u0648\u0636 \u0627\u0644 \u062a \u062a\u062f\u0639\u0645 \u0623\u0639\u0636\u0627\u0621&hellip; <a class=\"more-link\" href=\"https:\/\/ozkandangroup.com\/ar\/%d8%a7%d9%84%d8%a5%d8%ac%d8%b1%d8%a7%d8%a1%d8%a7%d8%aa-%d8%a7%d9%84%d8%ac%d8%b1%d8%a7%d8%ad%d9%8a%d8%a9\/%d8%a7%d9%84%d8%ad%d9%88%d8%b6-%d8%a3%d9%85%d9%84\/\">\u0645\u062a\u0627\u0628\u0639\u0629 \u0642\u0631\u0627\u0621\u0629 <span class=\"screen-reader-text\">\u0627\u0644\u062d\u0648\u0636 \u0623\u0645\u0644.<\/span><\/a><\/p>\n","protected":false},"author":1,"featured_media":0,"parent":16450,"menu_order":0,"comment_status":"closed","ping_status":"closed","template":"","meta":{"footnotes":""},"class_list":["post-16189","page","type-page","status-publish","hentry","entry"],"_links":{"self":[{"href":"https:\/\/ozkandangroup.com\/ar\/wp-json\/wp\/v2\/pages\/16189"}],"collection":[{"href":"https:\/\/ozkandangroup.com\/ar\/wp-json\/wp\/v2\/pages"}],"about":[{"href":"https:\/\/ozkandangroup.com\/ar\/wp-json\/wp\/v2\/types\/page"}],"author":[{"embeddable":true,"href":"https:\/\/ozkandangroup.com\/ar\/wp-json\/wp\/v2\/users\/1"}],"replies":[{"embeddable":true,"href":"https:\/\/ozkandangroup.com\/ar\/wp-json\/wp\/v2\/comments?post=16189"}],"version-history":[{"count":1,"href":"https:\/\/ozkandangroup.com\/ar\/wp-json\/wp\/v2\/pages\/16189\/revisions"}],"predecessor-version":[{"id":16190,"href":"https:\/\/ozkandangroup.com\/ar\/wp-json\/wp\/v2\/pages\/16189\/revisions\/16190"}],"up":[{"embeddable":true,"href":"https:\/\/ozkandangroup.com\/ar\/wp-json\/wp\/v2\/pages\/16450"}],"wp:attachment":[{"href":"https:\/\/ozkandangroup.com\/ar\/wp-json\/wp\/v2\/media?parent=16189"}],"curies":[{"name":"wp","href":"https:\/\/api.w.org\/{rel}","templated":true}]}}