{"id":16120,"date":"2023-02-27T20:57:19","date_gmt":"2023-02-27T17:57:19","guid":{"rendered":"https:\/\/ozkandangroup.com\/%d8%a9%d8%b9%d8%a7%d8%b1%d8%b2-%d8%b9%d8%a7%d8%ae%d9%86-%d9%85%d8%a7%d8%b8%d8%b9%d9%84%d8%a7\/"},"modified":"2023-11-06T16:47:18","modified_gmt":"2023-11-06T13:47:18","slug":"%d8%a9%d8%b9%d8%a7%d8%b1%d8%b2-%d8%b9%d8%a7%d8%ae%d9%86-%d9%85%d8%a7%d8%b8%d8%b9%d9%84%d8%a7","status":"publish","type":"page","link":"https:\/\/ozkandangroup.com\/ar\/%d8%a9%d8%b9%d8%a7%d8%b1%d8%b2-%d8%b9%d8%a7%d8%ae%d9%86-%d9%85%d8%a7%d8%b8%d8%b9%d9%84%d8%a7\/","title":{"rendered":"\u0629\u0639\u0627\u0631\u0632 \u0639\u0627\u062e\u0646 \u0645\u0627\u0638\u0639\u0644\u0627"},"content":{"rendered":"\t\t<div data-elementor-type=\"wp-page\" data-elementor-id=\"16120\" class=\"elementor elementor-16120 elementor-15054\">\n\t\t\t\t\t\t\t\t\t<section class=\"elementor-section elementor-top-section elementor-element elementor-element-1f551bd elementor-section-stretched ucluk elementor-section-boxed elementor-section-height-default elementor-section-height-default\" data-id=\"1f551bd\" data-element_type=\"section\" data-settings=\"{&quot;stretch_section&quot;:&quot;section-stretched&quot;}\">\n\t\t\t\t\t\t<div class=\"elementor-container elementor-column-gap-default\">\n\t\t\t\t\t<div class=\"elementor-column elementor-col-100 elementor-top-column elementor-element elementor-element-920f44c\" data-id=\"920f44c\" data-element_type=\"column\">\n\t\t\t<div class=\"elementor-widget-wrap elementor-element-populated\">\n\t\t\t\t\t\t\t\t<section class=\"elementor-section elementor-inner-section elementor-element elementor-element-4b457fd elementor-section-full_width icdiv elementor-section-height-default elementor-section-height-default\" data-id=\"4b457fd\" data-element_type=\"section\">\n\t\t\t\t\t\t<div class=\"elementor-container elementor-column-gap-default\">\n\t\t\t\t\t<div class=\"elementor-column elementor-col-100 elementor-inner-column elementor-element elementor-element-2957756\" data-id=\"2957756\" data-element_type=\"column\">\n\t\t\t<div class=\"elementor-widget-wrap elementor-element-populated\">\n\t\t\t\t\t\t\t\t<div class=\"elementor-element elementor-element-382fc34 tikred elementor-widget elementor-widget-text-editor\" data-id=\"382fc34\" data-element_type=\"widget\" data-widget_type=\"text-editor.default\">\n\t\t\t\t<div class=\"elementor-widget-container\">\n\t\t\t<style>\/*! elementor - v3.10.1 - 17-01-2023 *\/\n.elementor-widget-text-editor.elementor-drop-cap-view-stacked .elementor-drop-cap{background-color:#818a91;color:#fff}.elementor-widget-text-editor.elementor-drop-cap-view-framed .elementor-drop-cap{color:#818a91;border:3px solid;background-color:transparent}.elementor-widget-text-editor:not(.elementor-drop-cap-view-default) .elementor-drop-cap{margin-top:8px}.elementor-widget-text-editor:not(.elementor-drop-cap-view-default) .elementor-drop-cap-letter{width:1em;height:1em}.elementor-widget-text-editor .elementor-drop-cap{float:left;text-align:center;line-height:1;font-size:50px}.elementor-widget-text-editor .elementor-drop-cap-letter{display:inline-block}<\/style>\t\t\t\t<h2><strong><img loading=\"lazy\" decoding=\"async\" class=\"size-medium wp-image-14896 alignleft\" src=\"https:\/\/ozkandangroup.com\/wp-content\/uploads\/2023\/02\/Bone-Marrow-Transplant-Surgery-300x199.png\" alt=\"\" width=\"300\" height=\"199\" srcset=\"https:\/\/ozkandangroup.com\/wp-content\/uploads\/2023\/02\/Bone-Marrow-Transplant-Surgery-300x199.png 300w, https:\/\/ozkandangroup.com\/wp-content\/uploads\/2023\/02\/Bone-Marrow-Transplant-Surgery-768x509.png 768w, https:\/\/ozkandangroup.com\/wp-content\/uploads\/2023\/02\/Bone-Marrow-Transplant-Surgery.png 999w\" sizes=\"(max-width: 300px) 100vw, 300px\" \/>Kemik \u0130li\u011fi Nakli<br \/><\/strong>Kemik ili\u011fi, kan h\u00fccreleri \u00fcretir. K\u00f6k h\u00fccreler, kemik ili\u011finde bulunan ve t\u00fcm farkl\u0131 kan h\u00fccrelerini olu\u015fturan olgunla\u015fmam\u0131\u015f h\u00fccrelerdir. \u0130nsan bedenindeki t\u00fcm yap\u0131lar\u0131n k\u00f6kenini olu\u015fturan ve kendi kendilerini h\u0131zla yenileme \u00f6zelliklerine sahip olan k\u00f6k h\u00fccreler, baz\u0131 kanser tipleri dahil bir\u00e7ok hastal\u0131\u011f\u0131n tedavisinde umut olmaktad\u0131r.\u00a0Kemik ili\u011fi nakillerinde hematopoetik k\u00f6k h\u00fccreler kullan\u0131l\u0131r. K\u00f6k h\u00fccreler hastaya yani al\u0131c\u0131ya damar yolu vas\u0131tas\u0131yla aktar\u0131l\u0131r. Bunun i\u00e7in \u00e7o\u011funlukla santral ven\u00f6z kateter ad\u0131 verilen, damar i\u00e7i yerle\u015ftirilen aparatlar kullan\u0131l\u0131r. Nakil sonras\u0131 olgunla\u015fmam\u0131\u015f h\u00fccreler kemik ili\u011finde ya\u015fama ba\u015flar.<\/h2>\n<p><strong>NASIL KEM\u0130K \u0130L\u0130\u011e\u0130 ALINIR?<\/strong><br \/>Kemik ili\u011fi nakli k\u00f6k h\u00fccrelerin hastan\u0131n kendisinden kendisine veya ba\u015fka birinden hastaya verilmesi i\u015flemidir. Genel olarak 2 \u00e7e\u015fit nakil vard\u0131r. Kendi k\u00f6k h\u00fccrelerinin geri verilmesi i\u015flemine \u2018otolog\u2019, ba\u015fka birinden al\u0131nan k\u00f6k h\u00fccrelerin verilmesi i\u015flemine \u2018allojeneik\u2019 nakil denilmektedir.Allojeneik nakil tek yumurta ikizinden (sinjeneik) yap\u0131labilece\u011fi gibi, tam uyumlu anneden, babadan, karde\u015ften veya tam uyumlu akraba olmayan ki\u015filerden de yap\u0131labilir. Son y\u0131llarda yar\u0131 uyumlu aile bireylerinden de nakiller yap\u0131lmaktad\u0131r. Anne, baba, yar\u0131 uyumlu karde\u015f veya evlatlardan yap\u0131lan bu nakillere de haploidentik nakil denmektedir.Yeni k\u00f6k h\u00fccreler v\u00fccuda girdi\u011finde, kandan kemik ili\u011fine seyahat ederler. Zamanla \u00e7o\u011fal\u0131rlar ve yeni, sa\u011fl\u0131kl\u0131 kan h\u00fccreleri yapmaya ba\u015flarlar. V\u00fccuttaki kan h\u00fccrelerinin say\u0131s\u0131n\u0131n normale d\u00f6nmesi, genellikle birka\u00e7 hafta s\u00fcrerken, baz\u0131 insanlarda daha uzun s\u00fcrebilir.Kemik ili\u011fi nakli yapt\u0131ktan sonraki g\u00fcn ve haftalarda, hastan\u0131n durumunun yak\u0131ndan takip edilmesi \u00f6nemlidir. Bunun i\u00e7in hastaya bir tak\u0131m kan ve benzeri testler uygulanabilir. Bulant\u0131 ve ishal gibi komplikasyonlar g\u00f6zlenebilir ve bunlar\u0131 iyile\u015ftirmek i\u00e7in ila\u00e7 kullan\u0131lmas\u0131 gerekebilir.D\u00fcnyan\u0131n geli\u015fmi\u015f hematoloji merkezlerinde oldu\u011fu gibi \u00fclkemizde de kemik ili\u011fi nakli ba\u015far\u0131yla yap\u0131lmaktad\u0131r. L\u00f6seminin cinsine ve vericinin uygunlu\u011funa g\u00f6re de\u011fi\u015fmekle birlikte sonu\u00e7lar olumludur. %43 ile %83 oran\u0131nda ba\u015far\u0131 %43 ile %83 oran\u0131nda ba\u015far\u0131 elde edilmektedir.<\/p>\n\t\t\t\t\t\t<\/div>\n\t\t\t\t<\/div>\n\t\t\t\t\t<\/div>\n\t\t<\/div>\n\t\t\t\t\t\t\t<\/div>\n\t\t<\/section>\n\t\t\t\t\t<\/div>\n\t\t<\/div>\n\t\t\t\t\t\t\t<\/div>\n\t\t<\/section>\n\t\t\t\t\t\t\t<\/div>\n\t\t","protected":false},"excerpt":{"rendered":"<p>Kemik \u0130li\u011fi NakliKemik ili\u011fi, kan h\u00fccreleri \u00fcretir. K\u00f6k h\u00fccreler, kemik ili\u011finde bulunan ve t\u00fcm farkl\u0131 kan h\u00fccrelerini olu\u015fturan olgunla\u015fmam\u0131\u015f h\u00fccrelerdir. \u0130nsan bedenindeki t\u00fcm yap\u0131lar\u0131n k\u00f6kenini olu\u015fturan ve kendi kendilerini h\u0131zla yenileme \u00f6zelliklerine sahip olan k\u00f6k h\u00fccreler, baz\u0131 kanser tipleri dahil bir\u00e7ok hastal\u0131\u011f\u0131n tedavisinde umut olmaktad\u0131r.\u00a0Kemik ili\u011fi nakillerinde hematopoetik k\u00f6k h\u00fccreler kullan\u0131l\u0131r. K\u00f6k h\u00fccreler hastaya yani&hellip; <a class=\"more-link\" href=\"https:\/\/ozkandangroup.com\/ar\/%d8%a9%d8%b9%d8%a7%d8%b1%d8%b2-%d8%b9%d8%a7%d8%ae%d9%86-%d9%85%d8%a7%d8%b8%d8%b9%d9%84%d8%a7\/\">\u0645\u062a\u0627\u0628\u0639\u0629 \u0642\u0631\u0627\u0621\u0629 <span class=\"screen-reader-text\">\u0629\u0639\u0627\u0631\u0632 \u0639\u0627\u062e\u0646 \u0645\u0627\u0638\u0639\u0644\u0627<\/span><\/a><\/p>\n","protected":false},"author":1,"featured_media":0,"parent":0,"menu_order":0,"comment_status":"closed","ping_status":"closed","template":"","meta":{"footnotes":""},"class_list":["post-16120","page","type-page","status-publish","hentry","entry"],"_links":{"self":[{"href":"https:\/\/ozkandangroup.com\/ar\/wp-json\/wp\/v2\/pages\/16120"}],"collection":[{"href":"https:\/\/ozkandangroup.com\/ar\/wp-json\/wp\/v2\/pages"}],"about":[{"href":"https:\/\/ozkandangroup.com\/ar\/wp-json\/wp\/v2\/types\/page"}],"author":[{"embeddable":true,"href":"https:\/\/ozkandangroup.com\/ar\/wp-json\/wp\/v2\/users\/1"}],"replies":[{"embeddable":true,"href":"https:\/\/ozkandangroup.com\/ar\/wp-json\/wp\/v2\/comments?post=16120"}],"version-history":[{"count":2,"href":"https:\/\/ozkandangroup.com\/ar\/wp-json\/wp\/v2\/pages\/16120\/revisions"}],"predecessor-version":[{"id":16122,"href":"https:\/\/ozkandangroup.com\/ar\/wp-json\/wp\/v2\/pages\/16120\/revisions\/16122"}],"wp:attachment":[{"href":"https:\/\/ozkandangroup.com\/ar\/wp-json\/wp\/v2\/media?parent=16120"}],"curies":[{"name":"wp","href":"https:\/\/api.w.org\/{rel}","templated":true}]}}